{"id":31,"date":"2021-11-26T14:07:44","date_gmt":"2021-11-26T11:07:44","guid":{"rendered":"https:\/\/drozekinci.com\/?page_id=31"},"modified":"2021-11-26T17:31:24","modified_gmt":"2021-11-26T14:31:24","slug":"ana-sayfa","status":"publish","type":"page","link":"https:\/\/drozekinci.com\/","title":{"rendered":"Ana Sayfa"},"content":{"rendered":"\t\t<div data-elementor-type=\"wp-page\" data-elementor-id=\"31\" class=\"elementor elementor-31\">\n\t\t\t\t\t\t<section class=\"elementor-section elementor-top-section elementor-element elementor-element-d7e32e7 elementor-section-boxed elementor-section-height-default elementor-section-height-default\" data-id=\"d7e32e7\" data-element_type=\"section\" data-e-type=\"section\">\n\t\t\t\t\t\t<div class=\"elementor-container elementor-column-gap-default\">\n\t\t\t\t\t<div class=\"elementor-column elementor-col-100 elementor-top-column elementor-element elementor-element-4ec4748\" data-id=\"4ec4748\" data-element_type=\"column\" data-e-type=\"column\">\n\t\t\t<div class=\"elementor-widget-wrap elementor-element-populated\">\n\t\t\t\t\t\t<div class=\"elementor-element elementor-element-f15d94d elementor-widget elementor-widget-heading\" data-id=\"f15d94d\" data-element_type=\"widget\" data-e-type=\"widget\" data-widget_type=\"heading.default\">\n\t\t\t\t<div class=\"elementor-widget-container\">\n\t\t\t\t\t<h2 class=\"elementor-heading-title elementor-size-default\">Do\u00e7. Dr. Murat \u00d6zekinci<\/h2>\t\t\t\t<\/div>\n\t\t\t\t<\/div>\n\t\t\t\t\t<\/div>\n\t\t<\/div>\n\t\t\t\t\t<\/div>\n\t\t<\/section>\n\t\t\t\t<section class=\"elementor-section elementor-top-section elementor-element elementor-element-c921613 elementor-section-boxed elementor-section-height-default elementor-section-height-default\" data-id=\"c921613\" data-element_type=\"section\" data-e-type=\"section\">\n\t\t\t\t\t\t<div class=\"elementor-container elementor-column-gap-default\">\n\t\t\t\t\t<div class=\"elementor-column elementor-col-100 elementor-top-column elementor-element elementor-element-624c81b\" data-id=\"624c81b\" data-element_type=\"column\" data-e-type=\"column\">\n\t\t\t<div class=\"elementor-widget-wrap elementor-element-populated\">\n\t\t\t\t\t\t<div class=\"elementor-element elementor-element-49d211c elementor-widget elementor-widget-text-editor\" data-id=\"49d211c\" data-element_type=\"widget\" data-e-type=\"widget\" data-widget_type=\"text-editor.default\">\n\t\t\t\t<div class=\"elementor-widget-container\">\n\t\t\t\t\t\t\t\t\t<p>Web sitemiz yap\u0131m a\u015famas\u0131ndad\u0131r.<\/p>\t\t\t\t\t\t\t\t<\/div>\n\t\t\t\t<\/div>\n\t\t\t\t\t<\/div>\n\t\t<\/div>\n\t\t\t\t\t<\/div>\n\t\t<\/section>\n\t\t\t\t<section class=\"elementor-section elementor-top-section elementor-element elementor-element-d20bd54 elementor-section-boxed elementor-section-height-default elementor-section-height-default\" data-id=\"d20bd54\" data-element_type=\"section\" data-e-type=\"section\">\n\t\t\t\t\t\t<div class=\"elementor-container elementor-column-gap-default\">\n\t\t\t\t\t<div class=\"elementor-column elementor-col-100 elementor-top-column elementor-element elementor-element-6ca3e1a\" data-id=\"6ca3e1a\" data-element_type=\"column\" data-e-type=\"column\">\n\t\t\t<div class=\"elementor-widget-wrap elementor-element-populated\">\n\t\t\t\t\t\t<div class=\"elementor-element elementor-element-32c6151 elementor-widget elementor-widget-text-editor\" data-id=\"32c6151\" data-element_type=\"widget\" data-e-type=\"widget\" data-widget_type=\"text-editor.default\">\n\t\t\t\t<div class=\"elementor-widget-container\">\n\t\t\t\t\t\t\t\t\t<p>Sosyal medya hesaplar\u0131m\u0131zdan bizi takip edebilirsiniz.<\/p>\t\t\t\t\t\t\t\t<\/div>\n\t\t\t\t<\/div>\n\t\t\t\t<div class=\"elementor-element elementor-element-ffdfdaf elementor-widget elementor-widget-image\" data-id=\"ffdfdaf\" data-element_type=\"widget\" data-e-type=\"widget\" data-widget_type=\"image.default\">\n\t\t\t\t<div class=\"elementor-widget-container\">\n\t\t\t\t\t\t\t\t\t\t\t\t\t\t\t\t<a href=\"https:\/\/instagram.com\/doc.dr.muratozekinci\">\n\t\t\t\t\t\t\t<img fetchpriority=\"high\" decoding=\"async\" width=\"1079\" height=\"244\" src=\"https:\/\/drozekinci.com\/wp-content\/uploads\/2021\/11\/instagram-1.png\" class=\"attachment-full size-full wp-image-99\" alt=\"\" srcset=\"https:\/\/drozekinci.com\/wp-content\/uploads\/2021\/11\/instagram-1.png 1079w, https:\/\/drozekinci.com\/wp-content\/uploads\/2021\/11\/instagram-1-300x68.png 300w, https:\/\/drozekinci.com\/wp-content\/uploads\/2021\/11\/instagram-1-1024x232.png 1024w, https:\/\/drozekinci.com\/wp-content\/uploads\/2021\/11\/instagram-1-768x174.png 768w\" sizes=\"(max-width: 1079px) 100vw, 1079px\" \/>\t\t\t\t\t\t\t\t<\/a>\n\t\t\t\t\t\t\t\t\t\t\t\t\t\t\t<\/div>\n\t\t\t\t<\/div>\n\t\t\t\t\t<\/div>\n\t\t<\/div>\n\t\t\t\t\t<\/div>\n\t\t<\/section>\n\t\t\t\t<\/div>\n\t\t","protected":false},"excerpt":{"rendered":"<p>Do\u00e7. Dr. Murat \u00d6zekinci Web sitemiz yap\u0131m a\u015famas\u0131ndad\u0131r. Sosyal medya hesaplar\u0131m\u0131zdan bizi takip edebilirsiniz.<\/p>\n","protected":false},"author":1,"featured_media":0,"parent":0,"menu_order":0,"comment_status":"closed","ping_status":"closed","template":"elementor_canvas","meta":{"footnotes":""},"class_list":["post-31","page","type-page","status-publish","hentry"],"_links":{"self":[{"href":"https:\/\/drozekinci.com\/index.php\/wp-json\/wp\/v2\/pages\/31","targetHints":{"allow":["GET"]}}],"collection":[{"href":"https:\/\/drozekinci.com\/index.php\/wp-json\/wp\/v2\/pages"}],"about":[{"href":"https:\/\/drozekinci.com\/index.php\/wp-json\/wp\/v2\/types\/page"}],"author":[{"embeddable":true,"href":"https:\/\/drozekinci.com\/index.php\/wp-json\/wp\/v2\/users\/1"}],"replies":[{"embeddable":true,"href":"https:\/\/drozekinci.com\/index.php\/wp-json\/wp\/v2\/comments?post=31"}],"version-history":[{"count":88,"href":"https:\/\/drozekinci.com\/index.php\/wp-json\/wp\/v2\/pages\/31\/revisions"}],"predecessor-version":[{"id":139,"href":"https:\/\/drozekinci.com\/index.php\/wp-json\/wp\/v2\/pages\/31\/revisions\/139"}],"wp:attachment":[{"href":"https:\/\/drozekinci.com\/index.php\/wp-json\/wp\/v2\/media?parent=31"}],"curies":[{"name":"wp","href":"https:\/\/api.w.org\/{rel}","templated":true}]}}